{"id":7311,"date":"2025-05-20T23:47:53","date_gmt":"2025-05-21T06:47:53","guid":{"rendered":"https:\/\/workingdev.wpengine.com\/?page_id=7311"},"modified":"2025-05-26T12:10:34","modified_gmt":"2025-05-26T19:10:34","slug":"privacy-policy","status":"publish","type":"page","link":"https:\/\/workingarts.com\/es\/privacy-policy\/","title":{"rendered":"Pol\u00edtica de privacidad"},"content":{"rendered":"<div data-elementor-type=\"wp-page\" data-elementor-id=\"7311\" class=\"elementor elementor-7311\" data-elementor-post-type=\"page\">\n\t\t\t\t<div class=\"elementor-element elementor-element-141a92fb e-flex e-con-boxed e-con e-parent\" data-id=\"141a92fb\" data-element_type=\"container\" data-e-type=\"container\">\n\t\t\t\t\t<div class=\"e-con-inner\">\n\t\t\t\t<div class=\"elementor-element elementor-element-007474c elementor-widget elementor-widget-heading\" data-id=\"007474c\" data-element_type=\"widget\" data-e-type=\"widget\" data-widget_type=\"heading.default\">\n\t\t\t\t\t<h1 class=\"elementor-heading-title elementor-size-default\">Pol\u00edtica de privacidad<\/h1>\t\t\t\t<\/div>\n\t\t\t\t<div class=\"elementor-element elementor-element-94f5835 elementor-widget elementor-widget-text-editor\" data-id=\"94f5835\" data-element_type=\"widget\" data-e-type=\"widget\" data-widget_type=\"text-editor.default\">\n\t\t\t\t\t\t\t\t\t<p>\u00daltima actualizaci\u00f3n: Mayo de 2025<\/p>\t\t\t\t\t\t\t\t<\/div>\n\t\t\t\t<div class=\"elementor-element elementor-element-64c7bc4 elementor-widget__width-initial elementor-widget elementor-widget-text-editor\" data-id=\"64c7bc4\" data-element_type=\"widget\" data-e-type=\"widget\" data-widget_type=\"text-editor.default\">\n\t\t\t\t\t\t\t\t\t<p>En Workingarts Marketing, Inc. valoramos su privacidad y nos comprometemos a proteger su informaci\u00f3n personal. Esta pol\u00edtica de privacidad describe c\u00f3mo recopilamos, utilizamos y protegemos sus datos cuando visita nuestro sitio web o interact\u00faa con nuestros servicios.<\/p>\t\t\t\t\t\t\t\t<\/div>\n\t\t\t\t<div class=\"elementor-element elementor-element-246e3ae elementor-widget-divider--view-line elementor-widget elementor-widget-divider\" data-id=\"246e3ae\" data-element_type=\"widget\" data-e-type=\"widget\" data-widget_type=\"divider.default\">\n\t\t\t\t\t\t\t<div class=\"elementor-divider\">\n\t\t\t<span class=\"elementor-divider-separator\">\n\t\t\t\t\t\t<\/span>\n\t\t<\/div>\n\t\t\t\t\t\t<\/div>\n\t\t<div class=\"elementor-element elementor-element-ba6f5db e-con-full e-flex e-con e-child\" data-id=\"ba6f5db\" data-element_type=\"container\" data-e-type=\"container\">\n\t\t\t\t<div class=\"elementor-element elementor-element-a7ce2c5 elementor-widget__width-inherit elementor-widget elementor-widget-text-editor\" data-id=\"a7ce2c5\" data-element_type=\"widget\" data-e-type=\"widget\" data-widget_type=\"text-editor.default\">\n\t\t\t\t\t\t\t\t\t<h2 id=\"h-1-information-we-collect\" class=\"wp-block-heading\">1. Informaci\u00f3n que recopilamos<\/h2>\n<p><!-- \/wp:heading --><!-- wp:paragraph --><\/p>\n<p>Recogemos los siguientes tipos de informaci\u00f3n:<\/p>\n<p><!-- \/wp:paragraph --><!-- wp:list --><\/p>\n<ul class=\"wp-block-list\"><!-- wp:list-item -->\n<li><strong>Informaci\u00f3n de contacto<\/strong>: Cuando se pone en contacto a trav\u00e9s de formularios, correo electr\u00f3nico o tel\u00e9fono.<\/li>\n<!-- \/wp:list-item --><!-- wp:list-item -->\n<li><strong>Datos de uso<\/strong>: P\u00e1ginas visitadas, tiempo empleado y tipo de dispositivo\/navegador (a trav\u00e9s de herramientas de an\u00e1lisis).<\/li>\n<!-- \/wp:list-item --><!-- wp:list-item -->\n<li><strong>Cookies y rastreo<\/strong>: Para optimizar el rendimiento, la experiencia del usuario y el SEO.<\/li>\n<\/ul>\t\t\t\t\t\t\t\t<\/div>\n\t\t\t\t<div class=\"elementor-element elementor-element-d818256 elementor-widget__width-inherit elementor-widget elementor-widget-text-editor\" data-id=\"d818256\" data-element_type=\"widget\" data-e-type=\"widget\" data-widget_type=\"text-editor.default\">\n\t\t\t\t\t\t\t\t\t<h2 id=\"h-2-how-we-use-your-information\" class=\"wp-block-heading\">2. C\u00f3mo utilizamos su informaci\u00f3n<\/h2>\n<h2 class=\"wp-block-heading\"><!-- \/wp:heading --><!-- wp:paragraph --><\/h2>\n<p>Utilizamos sus datos para:<\/p>\n<h2 class=\"wp-block-heading\"><!-- \/wp:paragraph --><!-- wp:list --><\/h2>\n<ul class=\"wp-block-list\"><!-- wp:list-item -->\n<li>Responder a consultas o solicitudes<\/li>\n<!-- \/wp:list-item --><!-- wp:list-item -->\n<li>Mejorar el rendimiento del sitio web y la experiencia del usuario<\/li>\n<!-- \/wp:list-item --><!-- wp:list-item -->\n<li>Informar sobre futuras ofertas de servicios<\/li>\n<!-- \/wp:list-item --><!-- wp:list-item -->\n<li>Garantizar la accesibilidad y la eficacia SEO<\/li>\n<\/ul>\t\t\t\t\t\t\t\t<\/div>\n\t\t\t\t<div class=\"elementor-element elementor-element-3fa1a20 elementor-widget__width-inherit elementor-widget elementor-widget-text-editor\" data-id=\"3fa1a20\" data-element_type=\"widget\" data-e-type=\"widget\" data-widget_type=\"text-editor.default\">\n\t\t\t\t\t\t\t\t\t<h2 id=\"h-3-third-party-tools-amp-integrations\" class=\"wp-block-heading\">3. Herramientas e integraciones de terceros<\/h2>\n<h2 class=\"wp-block-heading\"><!-- \/wp:heading --><!-- wp:paragraph --><\/h2>\n<p>Nos asociamos con herramientas que pueden recopilar datos con fines espec\u00edficos:<\/p>\n<h2 class=\"wp-block-heading\"><!-- \/wp:paragraph --><!-- wp:list --><\/h2>\n<ul class=\"wp-block-list\"><!-- wp:list-item -->\n<li><strong>Yoast SEO<\/strong> (optimizaci\u00f3n de motores de b\u00fasqueda)<\/li>\n<!-- \/wp:list-item --><!-- wp:list-item -->\n<li><strong>Comprobador de accesibilidad de Ally<\/strong> (cumplimiento de las normas de accesibilidad)<\/li>\n<!-- \/wp:list-item --><!-- wp:list-item -->\n<li><strong>DeepL<\/strong> (traducci\u00f3n autom\u00e1tica)<\/li>\n<!-- \/wp:list-item --><\/ul>\n<h2 class=\"wp-block-heading\"><!-- \/wp:list --><!-- wp:paragraph --><\/h2>\n<p>Estas herramientas pueden utilizar cookies o registros de comportamiento an\u00f3nimos para mejorar la prestaci\u00f3n del servicio.<\/p>\t\t\t\t\t\t\t\t<\/div>\n\t\t\t\t<div class=\"elementor-element elementor-element-8bb96d4 elementor-widget__width-inherit elementor-widget elementor-widget-text-editor\" data-id=\"8bb96d4\" data-element_type=\"widget\" data-e-type=\"widget\" data-widget_type=\"text-editor.default\">\n\t\t\t\t\t\t\t\t\t<h2 id=\"h-4-sharing-of-information\" class=\"wp-block-heading\">4. 4. Intercambio de informaci\u00f3n<\/h2>\n<h2 class=\"wp-block-heading\"><!-- \/wp:heading --><!-- wp:paragraph --><\/h2>\n<p>Lo hacemos <strong>no vender<\/strong> tus datos.<\/p>\n<h2 class=\"wp-block-heading\"><!-- \/wp:paragraph --><!-- wp:paragraph --><\/h2>\n<p>Podemos compartir informaci\u00f3n anonimizada o agregada con socios de confianza \u00fanicamente para mejorar los servicios o cumplir obligaciones legales.<!-- \/wp:paragraph --><!-- wp:separator --><\/p>\t\t\t\t\t\t\t\t<\/div>\n\t\t\t\t<div class=\"elementor-element elementor-element-c6b6657 elementor-widget__width-inherit elementor-widget elementor-widget-text-editor\" data-id=\"c6b6657\" data-element_type=\"widget\" data-e-type=\"widget\" data-widget_type=\"text-editor.default\">\n\t\t\t\t\t\t\t\t\t<h2 id=\"h-5-data-security\" class=\"wp-block-heading\">5. 5. Seguridad de los datos<\/h2>\n<h2 class=\"wp-block-heading\"><!-- \/wp:heading --><!-- wp:paragraph --><\/h2>\n<p>Tomamos medidas razonables para proteger sus datos:<\/p>\n<h2 class=\"wp-block-heading\"><!-- \/wp:paragraph --><!-- wp:list --><\/h2>\n<ul class=\"wp-block-list\"><!-- wp:list-item -->\n<li>Encriptaci\u00f3n SSL para una navegaci\u00f3n segura<\/li>\n<!-- \/wp:list-item --><!-- wp:list-item -->\n<li>Acceso controlado a las herramientas administrativas<\/li>\n<!-- \/wp:list-item --><!-- wp:list-item -->\n<li>Mantenimiento continuo de plugins y software<\/li>\n<!-- \/wp:list-item --><\/ul>\n<h2 class=\"wp-block-heading\"><!-- \/wp:list --><!-- wp:separator --><\/h2>\n<p><!-- \/wp:paragraph --><!-- wp:separator --><\/p>\t\t\t\t\t\t\t\t<\/div>\n\t\t\t\t<div class=\"elementor-element elementor-element-ae784e7 elementor-widget__width-inherit elementor-widget elementor-widget-text-editor\" data-id=\"ae784e7\" data-element_type=\"widget\" data-e-type=\"widget\" data-widget_type=\"text-editor.default\">\n\t\t\t\t\t\t\t\t\t<h2 id=\"h-6-your-rights\" class=\"wp-block-heading\">6. Sus derechos<\/h2>\n<h2 class=\"wp-block-heading\"><!-- \/wp:heading --><!-- wp:paragraph --><\/h2>\n<p>Como residente en California (CCPA) u otro usuario protegido, tiene derecho a:<\/p>\n<h2 class=\"wp-block-heading\"><!-- \/wp:paragraph --><!-- wp:list --><\/h2>\n<ul class=\"wp-block-list\"><!-- wp:list-item -->\n<li>Solicitar una copia de sus datos personales<\/li>\n<!-- \/wp:list-item --><!-- wp:list-item -->\n<li>Solicitar la supresi\u00f3n de datos<\/li>\n<!-- \/wp:list-item --><!-- wp:list-item -->\n<li>Exclusi\u00f3n de determinados mecanismos de seguimiento<\/li>\n<!-- \/wp:list-item --><\/ul>\n<h2 class=\"wp-block-heading\"><!-- \/wp:list --><!-- wp:paragraph --><\/h2>\n<p>Para presentar una solicitud, p\u00f3ngase en contacto con nosotros en <a href=\"mailto:info@workingarts.com\"><strong>info@workingarts.com<\/strong><\/a>.<\/p>\n<ul class=\"wp-block-list\"><!-- \/wp:list-item --><\/ul>\n<h2 class=\"wp-block-heading\"><!-- \/wp:list --><!-- wp:separator --><\/h2>\n<p><!-- \/wp:paragraph --><!-- wp:separator --><\/p>\t\t\t\t\t\t\t\t<\/div>\n\t\t\t\t<div class=\"elementor-element elementor-element-28a951f elementor-widget__width-inherit elementor-widget elementor-widget-text-editor\" data-id=\"28a951f\" data-element_type=\"widget\" data-e-type=\"widget\" data-widget_type=\"text-editor.default\">\n\t\t\t\t\t\t\t\t\t<h2 id=\"h-7-cookies-amp-tracking\" class=\"wp-block-heading\">7. Cookies y seguimiento<\/h2>\n<h2 class=\"wp-block-heading\"><!-- \/wp:heading --><!-- wp:paragraph --><\/h2>\n<p>Utilizamos cookies para:<\/p>\n<h2 class=\"wp-block-heading\"><!-- \/wp:paragraph --><!-- wp:list --><\/h2>\n<ul class=\"wp-block-list\"><!-- wp:list-item -->\n<li>Mejorar la funcionalidad del sitio<\/li>\n<!-- \/wp:list-item --><!-- wp:list-item -->\n<li>Recordar las preferencias del usuario (por ejemplo, el idioma)<\/li>\n<!-- \/wp:list-item --><!-- wp:list-item -->\n<li>Seguimiento de las m\u00e9tricas del sitio a trav\u00e9s de servicios como Google Analytics<\/li>\n<!-- \/wp:list-item --><\/ul>\n<h2 class=\"wp-block-heading\"><!-- \/wp:list --><!-- wp:paragraph --><\/h2>\n<p>Los usuarios pueden desactivar o gestionar las cookies a trav\u00e9s de la configuraci\u00f3n de su navegador.<\/p>\n<ul class=\"wp-block-list\"><!-- \/wp:list-item --><\/ul>\n<h2 class=\"wp-block-heading\"><!-- \/wp:list --><!-- wp:separator --><\/h2>\n<p><!-- \/wp:paragraph --><!-- wp:separator --><\/p>\t\t\t\t\t\t\t\t<\/div>\n\t\t\t\t<div class=\"elementor-element elementor-element-89f76ae elementor-widget__width-inherit elementor-widget elementor-widget-text-editor\" data-id=\"89f76ae\" data-element_type=\"widget\" data-e-type=\"widget\" data-widget_type=\"text-editor.default\">\n\t\t\t\t\t\t\t\t\t<h2 id=\"h-8-updates-to-this-policy\" class=\"wp-block-heading\">8. Actualizaciones de esta pol\u00edtica<\/h2>\n<h2 class=\"wp-block-heading\"><!-- \/wp:heading --><!-- wp:paragraph --><\/h2>\n<p>Podemos actualizar esta pol\u00edtica a medida que cambien los servicios o los requisitos legales. Las actualizaciones se reflejar\u00e1n revisando la fecha de \"\u00daltima actualizaci\u00f3n\" anterior.<\/p>\n<ul class=\"wp-block-list\"><!-- \/wp:list-item --><\/ul>\n<h2 class=\"wp-block-heading\"><!-- \/wp:list --><!-- wp:separator --><\/h2>\n<p><!-- \/wp:paragraph --><!-- wp:separator --><\/p>\t\t\t\t\t\t\t\t<\/div>\n\t\t\t\t<div class=\"elementor-element elementor-element-6f47a31 elementor-widget__width-inherit elementor-widget elementor-widget-text-editor\" data-id=\"6f47a31\" data-element_type=\"widget\" data-e-type=\"widget\" data-widget_type=\"text-editor.default\">\n\t\t\t\t\t\t\t\t\t<h2 class=\"wp-block-heading\"><!-- wp:paragraph --><\/h2>\n<h2 id=\"h-9-contact-us\" class=\"wp-block-heading\">9. Contacto<\/h2>\n<h2 class=\"wp-block-heading\"><!-- \/wp:heading --><!-- wp:paragraph --><\/h2>\n<p>\u00bfPreguntas? \u00bfPreguntas? P\u00f3ngase en contacto con nosotros en<\/p>\n<h2 class=\"wp-block-heading\"><!-- \/wp:paragraph --><!-- wp:paragraph --><\/h2>\n<p><strong>Workingarts Marketing, Inc.<\/strong><br \/>966 Summerset Lane<br \/>Madera, CA 93637<br \/><strong>Correo electr\u00f3nico<\/strong>: <a href=\"mailto:info@workingarts.com\">info@workingarts.com<\/a><!-- \/wp:paragraph --><\/p>\n<ul class=\"wp-block-list\"><!-- \/wp:list-item --><\/ul>\n<h2 class=\"wp-block-heading\"><!-- \/wp:list --><!-- wp:separator --><\/h2>\n<p><!-- \/wp:paragraph --><!-- wp:separator --><\/p>\t\t\t\t\t\t\t\t<\/div>\n\t\t\t\t<\/div>\n\t\t\t\t\t<\/div>\n\t\t\t\t<\/div>\n\t\t\t\t<\/div>","protected":false},"excerpt":{"rendered":"<p>Privacy Policy Last updated: May 2025 At Workingarts Marketing, Inc., we value your privacy and are committed to protecting your personal information. This Privacy Policy outlines how we collect, use, and protect your data when you visit our website or interact with our services. 1. Information We Collect We collect the following types of information: [&hellip;]<\/p>\n","protected":false},"author":3,"featured_media":0,"parent":0,"menu_order":8,"comment_status":"closed","ping_status":"closed","template":"elementor_header_footer","meta":{"content-type":"","inline_featured_image":false,"footnotes":""},"class_list":["post-7311","page","type-page","status-publish","hentry"],"yoast_head":"<!-- This site is optimized with the Yoast SEO plugin v27.3 - https:\/\/yoast.com\/product\/yoast-seo-wordpress\/ -->\n<title>Privacy Policy - Workingarts Marketing, Inc.<\/title>\n<meta name=\"robots\" content=\"index, follow, max-snippet:-1, max-image-preview:large, max-video-preview:-1\" \/>\n<link rel=\"canonical\" href=\"https:\/\/workingarts.com\/es\/privacy-policy\/\" \/>\n<meta property=\"og:locale\" content=\"es_MX\" \/>\n<meta property=\"og:type\" content=\"article\" \/>\n<meta property=\"og:title\" content=\"Privacy Policy - Workingarts Marketing, Inc.\" \/>\n<meta property=\"og:description\" content=\"Privacy Policy Last updated: May 2025 At Workingarts Marketing, Inc., we value your privacy and are committed to protecting your personal information. This Privacy Policy outlines how we collect, use, and protect your data when you visit our website or interact with our services. 1. Information We Collect We collect the following types of information: [&hellip;]\" \/>\n<meta property=\"og:url\" content=\"https:\/\/workingarts.com\/es\/privacy-policy\/\" \/>\n<meta property=\"og:site_name\" content=\"Workingarts Marketing, Inc.\" \/>\n<meta property=\"article:publisher\" content=\"https:\/\/www.facebook.com\/Workingarts\/\" \/>\n<meta property=\"article:modified_time\" content=\"2025-05-26T19:10:34+00:00\" \/>\n<meta property=\"og:image\" content=\"https:\/\/workingarts.com\/wp-content\/uploads\/2025-Site-Images\/testimonial-art800.webp\" \/>\n\t<meta property=\"og:image:width\" content=\"800\" \/>\n\t<meta property=\"og:image:height\" content=\"486\" \/>\n\t<meta property=\"og:image:type\" content=\"image\/webp\" \/>\n<meta name=\"twitter:card\" content=\"summary_large_image\" \/>\n<meta name=\"twitter:site\" content=\"@working_arts\" \/>\n<meta name=\"twitter:label1\" content=\"Tiempo de lectura\" \/>\n\t<meta name=\"twitter:data1\" content=\"2 minutos\" \/>\n<script type=\"application\/ld+json\" class=\"yoast-schema-graph\">{\"@context\":\"https:\\\/\\\/schema.org\",\"@graph\":[{\"@type\":\"WebPage\",\"@id\":\"https:\\\/\\\/workingarts.com\\\/privacy-policy\\\/\",\"url\":\"https:\\\/\\\/workingarts.com\\\/privacy-policy\\\/\",\"name\":\"Privacy Policy - Workingarts Marketing, Inc.\",\"isPartOf\":{\"@id\":\"https:\\\/\\\/workingarts.com\\\/#website\"},\"datePublished\":\"2025-05-21T06:47:53+00:00\",\"dateModified\":\"2025-05-26T19:10:34+00:00\",\"breadcrumb\":{\"@id\":\"https:\\\/\\\/workingarts.com\\\/privacy-policy\\\/#breadcrumb\"},\"inLanguage\":\"es\",\"potentialAction\":[{\"@type\":\"ReadAction\",\"target\":[\"https:\\\/\\\/workingarts.com\\\/privacy-policy\\\/\"]}]},{\"@type\":\"BreadcrumbList\",\"@id\":\"https:\\\/\\\/workingarts.com\\\/privacy-policy\\\/#breadcrumb\",\"itemListElement\":[{\"@type\":\"ListItem\",\"position\":1,\"name\":\"Home\",\"item\":\"https:\\\/\\\/workingarts.com\\\/\"},{\"@type\":\"ListItem\",\"position\":2,\"name\":\"Privacy Policy\"}]},{\"@type\":\"WebSite\",\"@id\":\"https:\\\/\\\/workingarts.com\\\/#website\",\"url\":\"https:\\\/\\\/workingarts.com\\\/\",\"name\":\"Workingarts Marketing, Inc.\",\"description\":\"Your Success Drives Ours\",\"publisher\":{\"@id\":\"https:\\\/\\\/workingarts.com\\\/#organization\"},\"alternateName\":\"workingarts.com\",\"potentialAction\":[{\"@type\":\"SearchAction\",\"target\":{\"@type\":\"EntryPoint\",\"urlTemplate\":\"https:\\\/\\\/workingarts.com\\\/?s={search_term_string}\"},\"query-input\":{\"@type\":\"PropertyValueSpecification\",\"valueRequired\":true,\"valueName\":\"search_term_string\"}}],\"inLanguage\":\"es\"},{\"@type\":\"Organization\",\"@id\":\"https:\\\/\\\/workingarts.com\\\/#organization\",\"name\":\"Workingarts Marketing, Inc.\",\"alternateName\":\"workingarts\",\"url\":\"https:\\\/\\\/workingarts.com\\\/\",\"logo\":{\"@type\":\"ImageObject\",\"inLanguage\":\"es\",\"@id\":\"https:\\\/\\\/workingarts.com\\\/#\\\/schema\\\/logo\\\/image\\\/\",\"url\":\"https:\\\/\\\/workingarts.com\\\/wp-content\\\/uploads\\\/2015\\\/11\\\/wainc_logo_2015-v2_2015RedesignOption6-e1457983390425.png\",\"contentUrl\":\"https:\\\/\\\/workingarts.com\\\/wp-content\\\/uploads\\\/2015\\\/11\\\/wainc_logo_2015-v2_2015RedesignOption6-e1457983390425.png\",\"width\":334,\"height\":68,\"caption\":\"Workingarts Marketing, Inc.\"},\"image\":{\"@id\":\"https:\\\/\\\/workingarts.com\\\/#\\\/schema\\\/logo\\\/image\\\/\"},\"sameAs\":[\"https:\\\/\\\/www.facebook.com\\\/Workingarts\\\/\",\"https:\\\/\\\/x.com\\\/working_arts\",\"https:\\\/\\\/www.linkedin.com\\\/company\\\/workingarts-marketing-inc-\\\/\"]}]}<\/script>\n<!-- \/ Yoast SEO plugin. -->","yoast_head_json":{"title":"Pol\u00edtica de privacidad - Workingarts Marketing, Inc.","robots":{"index":"index","follow":"follow","max-snippet":"max-snippet:-1","max-image-preview":"max-image-preview:large","max-video-preview":"max-video-preview:-1"},"canonical":"https:\/\/workingarts.com\/es\/privacy-policy\/","og_locale":"es_MX","og_type":"article","og_title":"Privacy Policy - Workingarts Marketing, Inc.","og_description":"Privacy Policy Last updated: May 2025 At Workingarts Marketing, Inc., we value your privacy and are committed to protecting your personal information. This Privacy Policy outlines how we collect, use, and protect your data when you visit our website or interact with our services. 1. Information We Collect We collect the following types of information: [&hellip;]","og_url":"https:\/\/workingarts.com\/es\/privacy-policy\/","og_site_name":"Workingarts Marketing, Inc.","article_publisher":"https:\/\/www.facebook.com\/Workingarts\/","article_modified_time":"2025-05-26T19:10:34+00:00","og_image":[{"width":800,"height":486,"url":"https:\/\/workingarts.com\/wp-content\/uploads\/2025-Site-Images\/testimonial-art800.webp","type":"image\/webp"}],"twitter_card":"summary_large_image","twitter_site":"@working_arts","twitter_misc":{"Tiempo de lectura":"2 minutos"},"schema":{"@context":"https:\/\/schema.org","@graph":[{"@type":"WebPage","@id":"https:\/\/workingarts.com\/privacy-policy\/","url":"https:\/\/workingarts.com\/privacy-policy\/","name":"Pol\u00edtica de privacidad - Workingarts Marketing, Inc.","isPartOf":{"@id":"https:\/\/workingarts.com\/#website"},"datePublished":"2025-05-21T06:47:53+00:00","dateModified":"2025-05-26T19:10:34+00:00","breadcrumb":{"@id":"https:\/\/workingarts.com\/privacy-policy\/#breadcrumb"},"inLanguage":"es","potentialAction":[{"@type":"ReadAction","target":["https:\/\/workingarts.com\/privacy-policy\/"]}]},{"@type":"BreadcrumbList","@id":"https:\/\/workingarts.com\/privacy-policy\/#breadcrumb","itemListElement":[{"@type":"ListItem","position":1,"name":"Home","item":"https:\/\/workingarts.com\/"},{"@type":"ListItem","position":2,"name":"Privacy Policy"}]},{"@type":"WebSite","@id":"https:\/\/workingarts.com\/#website","url":"https:\/\/workingarts.com\/","name":"Workingarts Marketing, Inc.","description":"Su \u00e9xito nos impulsa","publisher":{"@id":"https:\/\/workingarts.com\/#organization"},"alternateName":"workingarts.com","potentialAction":[{"@type":"SearchAction","target":{"@type":"EntryPoint","urlTemplate":"https:\/\/workingarts.com\/?s={search_term_string}"},"query-input":{"@type":"PropertyValueSpecification","valueRequired":true,"valueName":"search_term_string"}}],"inLanguage":"es"},{"@type":"Organization","@id":"https:\/\/workingarts.com\/#organization","name":"Workingarts Marketing, Inc.","alternateName":"workingarts","url":"https:\/\/workingarts.com\/","logo":{"@type":"ImageObject","inLanguage":"es","@id":"https:\/\/workingarts.com\/#\/schema\/logo\/image\/","url":"https:\/\/workingarts.com\/wp-content\/uploads\/2015\/11\/wainc_logo_2015-v2_2015RedesignOption6-e1457983390425.png","contentUrl":"https:\/\/workingarts.com\/wp-content\/uploads\/2015\/11\/wainc_logo_2015-v2_2015RedesignOption6-e1457983390425.png","width":334,"height":68,"caption":"Workingarts Marketing, Inc."},"image":{"@id":"https:\/\/workingarts.com\/#\/schema\/logo\/image\/"},"sameAs":["https:\/\/www.facebook.com\/Workingarts\/","https:\/\/x.com\/working_arts","https:\/\/www.linkedin.com\/company\/workingarts-marketing-inc-\/"]}]}},"_links":{"self":[{"href":"https:\/\/workingarts.com\/es\/wp-json\/wp\/v2\/pages\/7311","targetHints":{"allow":["GET"]}}],"collection":[{"href":"https:\/\/workingarts.com\/es\/wp-json\/wp\/v2\/pages"}],"about":[{"href":"https:\/\/workingarts.com\/es\/wp-json\/wp\/v2\/types\/page"}],"author":[{"embeddable":true,"href":"https:\/\/workingarts.com\/es\/wp-json\/wp\/v2\/users\/3"}],"replies":[{"embeddable":true,"href":"https:\/\/workingarts.com\/es\/wp-json\/wp\/v2\/comments?post=7311"}],"version-history":[{"count":0,"href":"https:\/\/workingarts.com\/es\/wp-json\/wp\/v2\/pages\/7311\/revisions"}],"wp:attachment":[{"href":"https:\/\/workingarts.com\/es\/wp-json\/wp\/v2\/media?parent=7311"}],"curies":[{"name":"wp","href":"https:\/\/api.w.org\/{rel}","templated":true}]}}