{"id":7320,"date":"2025-05-21T08:31:08","date_gmt":"2025-05-21T15:31:08","guid":{"rendered":"https:\/\/workingdev.wpengine.com\/?page_id=7320"},"modified":"2025-05-26T12:08:32","modified_gmt":"2025-05-26T19:08:32","slug":"exposicion-de-la-ucd","status":"publish","type":"page","link":"https:\/\/workingarts.com\/es\/ucd-expo\/","title":{"rendered":"ucd-expo"},"content":{"rendered":"<div data-elementor-type=\"wp-page\" data-elementor-id=\"7320\" class=\"elementor elementor-7320\" data-elementor-post-type=\"page\">\n\t\t\t\t<div class=\"elementor-element elementor-element-d1fcb62 e-flex e-con-boxed e-con e-parent\" data-id=\"d1fcb62\" data-element_type=\"container\" data-e-type=\"container\">\n\t\t\t\t\t<div class=\"e-con-inner\">\n\t\t<div class=\"elementor-element elementor-element-909f3ef e-con-full e-flex e-con e-child\" data-id=\"909f3ef\" data-element_type=\"container\" data-e-type=\"container\">\n\t\t\t\t<div class=\"elementor-element elementor-element-406f7bd elementor-widget__width-initial elementor-widget elementor-widget-image\" data-id=\"406f7bd\" data-element_type=\"widget\" data-e-type=\"widget\" data-widget_type=\"image.default\">\n\t\t\t\t\t\t\t\t\t\t\t\t\t\t\t<img fetchpriority=\"high\" decoding=\"async\" width=\"800\" height=\"138\" src=\"https:\/\/workingarts.com\/wp-content\/uploads\/Landing-Pages\/UCD\/ucdavis_logo_gold-1024x177.png\" class=\"attachment-large size-large wp-image-7323\" alt=\"\" srcset=\"https:\/\/workingarts.com\/wp-content\/uploads\/Landing-Pages\/UCD\/ucdavis_logo_gold-1024x177.png 1024w, https:\/\/workingarts.com\/wp-content\/uploads\/Landing-Pages\/UCD\/ucdavis_logo_gold-300x52.webp 300w, https:\/\/workingarts.com\/wp-content\/uploads\/Landing-Pages\/UCD\/ucdavis_logo_gold-768x133.webp 768w, https:\/\/workingarts.com\/wp-content\/uploads\/Landing-Pages\/UCD\/ucdavis_logo_gold-1536x266.webp 1536w, https:\/\/workingarts.com\/wp-content\/uploads\/Landing-Pages\/UCD\/ucdavis_logo_gold-2048x354.png 2048w, https:\/\/workingarts.com\/wp-content\/uploads\/Landing-Pages\/UCD\/ucdavis_logo_gold-18x3.webp 18w\" sizes=\"(max-width: 800px) 100vw, 800px\" \/>\t\t\t\t\t\t\t\t\t\t\t\t\t\t\t<\/div>\n\t\t\t\t<div class=\"elementor-element elementor-element-a96e09d elementor-widget elementor-widget-heading\" data-id=\"a96e09d\" data-element_type=\"widget\" data-e-type=\"widget\" data-widget_type=\"heading.default\">\n\t\t\t\t\t<h1 class=\"elementor-heading-title elementor-size-default\">UC Davis y UC Davis Health<\/h1>\t\t\t\t<\/div>\n\t\t\t\t<div class=\"elementor-element elementor-element-e29a761 elementor-widget elementor-widget-text-editor\" data-id=\"e29a761\" data-element_type=\"widget\" data-e-type=\"widget\" data-widget_type=\"text-editor.default\">\n\t\t\t\t\t\t\t\t\t<p>Exposici\u00f3n de proveedores | Las peque\u00f1as empresas y las empresas locales en el punto de mira<\/p>\t\t\t\t\t\t\t\t<\/div>\n\t\t\t\t<\/div>\n\t\t\t\t<div class=\"elementor-element elementor-element-1d2ec8f elementor-widget-divider--view-line_icon elementor-view-default elementor-widget-divider--element-align-center elementor-widget elementor-widget-divider\" data-id=\"1d2ec8f\" data-element_type=\"widget\" data-e-type=\"widget\" data-widget_type=\"divider.default\">\n\t\t\t\t\t\t\t<div class=\"elementor-divider\">\n\t\t\t<span class=\"elementor-divider-separator\">\n\t\t\t\t\t\t\t<div class=\"elementor-icon elementor-divider__element\">\n\t\t\t\t\t<svg aria-hidden=\"true\" class=\"e-font-icon-svg e-fas-star\" viewbox=\"0 0 576 512\" xmlns=\"http:\/\/www.w3.org\/2000\/svg\"><path d=\"M259.3 17.8L194 150.2 47.9 171.5c-26.2 3.8-36.7 36.1-17.7 54.6l105.7 103-25 145.5c-4.5 26.3 23.2 46 46.4 33.7L288 439.6l130.7 68.7c23.2 12.2 50.9-7.4 46.4-33.7l-25-145.5 105.7-103c19-18.5 8.5-50.8-17.7-54.6L382 150.2 316.7 17.8c-11.7-23.6-45.6-23.9-57.4 0z\"><\/path><\/svg><\/div>\n\t\t\t\t\t\t<\/span>\n\t\t<\/div>\n\t\t\t\t\t\t<\/div>\n\t\t<div class=\"elementor-element elementor-element-a9520b2 e-con-full e-flex e-con e-child\" data-id=\"a9520b2\" data-element_type=\"container\" data-e-type=\"container\">\n\t\t<div class=\"elementor-element elementor-element-fb1fec3 e-con-full e-flex e-con e-child\" data-id=\"fb1fec3\" data-element_type=\"container\" data-e-type=\"container\">\n\t\t<div class=\"elementor-element elementor-element-6e93eb7 e-con-full e-flex e-con e-child\" data-id=\"6e93eb7\" data-element_type=\"container\" data-e-type=\"container\">\n\t\t\t\t<div class=\"elementor-element elementor-element-b03720a elementor-widget-tablet_extra__width-auto elementor-widget-mobile__width-auto elementor-invisible elementor-widget elementor-widget-heading\" data-id=\"b03720a\" data-element_type=\"widget\" data-e-type=\"widget\" data-settings=\"{&quot;_animation&quot;:&quot;rubberBand&quot;,&quot;_animation_delay&quot;:0}\" data-widget_type=\"heading.default\">\n\t\t\t\t\t<h2 class=\"elementor-heading-title elementor-size-default\">Crear.<\/h2>\t\t\t\t<\/div>\n\t\t\t\t<div class=\"elementor-element elementor-element-bd6fbf6 elementor-widget-tablet_extra__width-auto elementor-widget-mobile__width-auto elementor-invisible elementor-widget elementor-widget-heading\" data-id=\"bd6fbf6\" data-element_type=\"widget\" data-e-type=\"widget\" data-settings=\"{&quot;_animation&quot;:&quot;rubberBand&quot;,&quot;_animation_delay&quot;:300}\" data-widget_type=\"heading.default\">\n\t\t\t\t\t<h2 class=\"elementor-heading-title elementor-size-default\">Marca.<\/h2>\t\t\t\t<\/div>\n\t\t\t\t<div class=\"elementor-element elementor-element-c5cd480 elementor-widget-tablet_extra__width-auto elementor-widget-mobile__width-auto elementor-widget-laptop__width-auto elementor-invisible elementor-widget elementor-widget-heading\" data-id=\"c5cd480\" data-element_type=\"widget\" data-e-type=\"widget\" data-settings=\"{&quot;_animation&quot;:&quot;rubberBand&quot;,&quot;_animation_delay&quot;:600}\" data-widget_type=\"heading.default\">\n\t\t\t\t\t<h2 class=\"elementor-heading-title elementor-size-default\">Publicar.<\/h2>\t\t\t\t<\/div>\n\t\t\t\t<div class=\"elementor-element elementor-element-d18dd29 elementor-widget-tablet_extra__width-auto elementor-widget-mobile__width-auto elementor-widget-laptop__width-inherit elementor-invisible elementor-widget elementor-widget-heading\" data-id=\"d18dd29\" data-element_type=\"widget\" data-e-type=\"widget\" data-settings=\"{&quot;_animation&quot;:&quot;rubberBand&quot;,&quot;_animation_delay&quot;:1000}\" data-widget_type=\"heading.default\">\n\t\t\t\t\t<h2 class=\"elementor-heading-title elementor-size-default\">comunicar UC Davis<\/h2>\t\t\t\t<\/div>\n\t\t\t\t<\/div>\n\t\t\t\t<div class=\"elementor-element elementor-element-1fee2f0 elementor-widget elementor-widget-text-editor\" data-id=\"1fee2f0\" data-element_type=\"widget\" data-e-type=\"widget\" data-widget_type=\"text-editor.default\">\n\t\t\t\t\t\t\t\t\t<p>Servicios de dise\u00f1o estrat\u00e9gico y comunicaci\u00f3n creados para la ense\u00f1anza superior y las instituciones p\u00fablicas. Con sede en California. Certificados. Listo para servir a UC Davis.<\/p>\t\t\t\t\t\t\t\t<\/div>\n\t\t\t\t<div class=\"elementor-element elementor-element-9688c80 elementor-align-left elementor-widget elementor-widget-button\" data-id=\"9688c80\" data-element_type=\"widget\" data-e-type=\"widget\" data-widget_type=\"button.default\">\n\t\t\t\t\t\t\t\t\t\t<a class=\"elementor-button elementor-button-link elementor-size-sm\" href=\"https:\/\/workingarts.com\/wp-content\/uploads\/2025-Rebrand\/Case-Studies\/WAInc-CaseStudy_BigIdeas_WEB_FINAL.pdf\" target=\"_blank\">\n\t\t\t\t\t\t<span class=\"elementor-button-content-wrapper\">\n\t\t\t\t\t\t<span class=\"elementor-button-icon\">\n\t\t\t\t<svg aria-hidden=\"true\" class=\"e-font-icon-svg e-far-file-pdf\" viewbox=\"0 0 384 512\" xmlns=\"http:\/\/www.w3.org\/2000\/svg\"><path d=\"M369.9 97.9L286 14C277 5 264.8-.1 252.1-.1H48C21.5 0 0 21.5 0 48v416c0 26.5 21.5 48 48 48h288c26.5 0 48-21.5 48-48V131.9c0-12.7-5.1-25-14.1-34zM332.1 128H256V51.9l76.1 76.1zM48 464V48h160v104c0 13.3 10.7 24 24 24h104v288H48zm250.2-143.7c-12.2-12-47-8.7-64.4-6.5-17.2-10.5-28.7-25-36.8-46.3 3.9-16.1 10.1-40.6 5.4-56-4.2-26.2-37.8-23.6-42.6-5.9-4.4 16.1-.4 38.5 7 67.1-10 23.9-24.9 56-35.4 74.4-20 10.3-47 26.2-51 46.2-3.3 15.8 26 55.2 76.1-31.2 22.4-7.4 46.8-16.5 68.4-20.1 18.9 10.2 41 17 55.8 17 25.5 0 28-28.2 17.5-38.7zm-198.1 77.8c5.1-13.7 24.5-29.5 30.4-35-19 30.3-30.4 35.7-30.4 35zm81.6-190.6c7.4 0 6.7 32.1 1.8 40.8-4.4-13.9-4.3-40.8-1.8-40.8zm-24.4 136.6c9.7-16.9 18-37 24.7-54.7 8.3 15.1 18.9 27.2 30.1 35.5-20.8 4.3-38.9 13.1-54.8 19.2zm131.6-5s-5 6-37.3-7.8c35.1-2.6 40.9 5.4 37.3 7.8z\"><\/path><\/svg>\t\t\t<\/span>\n\t\t\t\t\t\t\t\t\t<span class=\"elementor-button-text\">Descargue nuestro folleto<\/span>\n\t\t\t\t\t<\/span>\n\t\t\t\t\t<\/a>\n\t\t\t\t\t\t\t\t<\/div>\n\t\t\t\t<\/div>\n\t\t\t\t<div class=\"elementor-element elementor-element-50cbab4 elementor-widget__width-initial elementor-widget-tablet_extra__width-initial elementor-widget-tablet__width-initial elementor-widget-mobile_extra__width-initial elementor-widget-laptop__width-inherit elementor-widget-mobile__width-inherit elementor-widget elementor-widget-image\" data-id=\"50cbab4\" data-element_type=\"widget\" data-e-type=\"widget\" data-widget_type=\"image.default\">\n\t\t\t\t\t\t\t\t\t\t\t\t\t\t\t\t<a href=\"https:\/\/workingarts.com\/wp-content\/uploads\/2025-Rebrand\/Case-Studies\/images\/WAInc-CaseStudy_BigIdeas_COVER.webp\" data-elementor-open-lightbox=\"yes\" data-e-action-hash=\"#elementor-action%3Aaction%3Dlightbox%26settings%3DeyJpZCI6NzMzMywidXJsIjoiaHR0cHM6XC9cL3dvcmtpbmdhcnRzLmNvbVwvd3AtY29udGVudFwvdXBsb2Fkc1wvMjAyNS1SZWJyYW5kXC9DYXNlLVN0dWRpZXNcL2ltYWdlc1wvV0FJbmMtQ2FzZVN0dWR5X0JpZ0lkZWFzX0NPVkVSLndlYnAifQ%3D%3D\">\n\t\t\t\t\t\t\t<img decoding=\"async\" width=\"1275\" height=\"1650\" src=\"https:\/\/workingarts.com\/wp-content\/uploads\/2025-Rebrand\/Case-Studies\/images\/WAInc-CaseStudy_BigIdeas_COVER.webp\" class=\"attachment-full size-full wp-image-7333\" alt=\"Estudio de caso Grandes ideas Imagen de portada con adhesivo\" srcset=\"https:\/\/workingarts.com\/wp-content\/uploads\/2025-Rebrand\/Case-Studies\/images\/WAInc-CaseStudy_BigIdeas_COVER.webp 1275w, https:\/\/workingarts.com\/wp-content\/uploads\/2025-Rebrand\/Case-Studies\/images\/WAInc-CaseStudy_BigIdeas_COVER-232x300.webp 232w, https:\/\/workingarts.com\/wp-content\/uploads\/2025-Rebrand\/Case-Studies\/images\/WAInc-CaseStudy_BigIdeas_COVER-791x1024.webp 791w, https:\/\/workingarts.com\/wp-content\/uploads\/2025-Rebrand\/Case-Studies\/images\/WAInc-CaseStudy_BigIdeas_COVER-768x994.webp 768w, https:\/\/workingarts.com\/wp-content\/uploads\/2025-Rebrand\/Case-Studies\/images\/WAInc-CaseStudy_BigIdeas_COVER-1187x1536.webp 1187w, https:\/\/workingarts.com\/wp-content\/uploads\/2025-Rebrand\/Case-Studies\/images\/WAInc-CaseStudy_BigIdeas_COVER-9x12.webp 9w\" sizes=\"(max-width: 1275px) 100vw, 1275px\" \/>\t\t\t\t\t\t\t\t<\/a>\n\t\t\t\t\t\t\t\t\t\t\t\t\t\t\t<\/div>\n\t\t\t\t<\/div>\n\t\t\t\t<div class=\"elementor-element elementor-element-906f9b8 elementor-widget-divider--view-line_icon elementor-view-default elementor-widget-divider--element-align-center elementor-widget elementor-widget-divider\" data-id=\"906f9b8\" data-element_type=\"widget\" data-e-type=\"widget\" data-widget_type=\"divider.default\">\n\t\t\t\t\t\t\t<div class=\"elementor-divider\">\n\t\t\t<span class=\"elementor-divider-separator\">\n\t\t\t\t\t\t\t<div class=\"elementor-icon elementor-divider__element\">\n\t\t\t\t\t<svg aria-hidden=\"true\" class=\"e-font-icon-svg e-fas-star\" viewbox=\"0 0 576 512\" xmlns=\"http:\/\/www.w3.org\/2000\/svg\"><path d=\"M259.3 17.8L194 150.2 47.9 171.5c-26.2 3.8-36.7 36.1-17.7 54.6l105.7 103-25 145.5c-4.5 26.3 23.2 46 46.4 33.7L288 439.6l130.7 68.7c23.2 12.2 50.9-7.4 46.4-33.7l-25-145.5 105.7-103c19-18.5 8.5-50.8-17.7-54.6L382 150.2 316.7 17.8c-11.7-23.6-45.6-23.9-57.4 0z\"><\/path><\/svg><\/div>\n\t\t\t\t\t\t<\/span>\n\t\t<\/div>\n\t\t\t\t\t\t<\/div>\n\t\t<div class=\"elementor-element elementor-element-b6e176e e-grid e-con-boxed e-con e-child\" data-id=\"b6e176e\" data-element_type=\"container\" data-e-type=\"container\">\n\t\t\t\t\t<div class=\"e-con-inner\">\n\t\t<div class=\"elementor-element elementor-element-3ef8b3e e-con-full e-flex e-con e-child\" data-id=\"3ef8b3e\" data-element_type=\"container\" data-e-type=\"container\">\n\t\t\t\t<div class=\"elementor-element elementor-element-bc8afd1 elementor-widget elementor-widget-heading\" data-id=\"bc8afd1\" data-element_type=\"widget\" data-e-type=\"widget\" data-widget_type=\"heading.default\">\n\t\t\t\t\t<h2 class=\"elementor-heading-title elementor-size-default\">A qui\u00e9n hemos ayudado<\/h2>\t\t\t\t<\/div>\n\t\t\t\t<div class=\"elementor-element elementor-element-62e2848 elementor-widget elementor-widget-text-editor\" data-id=\"62e2848\" data-element_type=\"widget\" data-e-type=\"widget\" data-widget_type=\"text-editor.default\">\n\t\t\t\t\t\t\t\t\t<p>Llevamos m\u00e1s de 20 a\u00f1os colaborando con instituciones educativas, organizaciones sin \u00e1nimo de lucro y organismos p\u00fablicos. Entre nuestros logros destacan:<\/p><ul><li>Distritos escolares, asociaciones de RH y fundaciones de educaci\u00f3n p\u00fablica<\/li><li>Organizaciones gubernamentales y sanitarias con contenidos multiling\u00fces y accesibles<\/li><li>Publicaci\u00f3n completa: impresa, digital, editorial y dise\u00f1o<\/li><\/ul>\t\t\t\t\t\t\t\t<\/div>\n\t\t\t\t<\/div>\n\t\t<div class=\"elementor-element elementor-element-2133b22 e-con-full e-flex e-con e-child\" data-id=\"2133b22\" data-element_type=\"container\" data-e-type=\"container\">\n\t\t\t\t<div class=\"elementor-element elementor-element-8328535 elementor-widget elementor-widget-heading\" data-id=\"8328535\" data-element_type=\"widget\" data-e-type=\"widget\" data-widget_type=\"heading.default\">\n\t\t\t\t\t<h2 class=\"elementor-heading-title elementor-size-default\">Por qu\u00e9 los departamentos de UC Davis eligen socios como nosotros<\/h2>\t\t\t\t<\/div>\n\t\t\t\t<div class=\"elementor-element elementor-element-733b051 elementor-widget elementor-widget-text-editor\" data-id=\"733b051\" data-element_type=\"widget\" data-e-type=\"widget\" data-widget_type=\"text-editor.default\">\n\t\t\t\t\t\t\t\t\t<ul><li>Small Business Certified (SB\/DVBE ready seg\u00fan la pol\u00edtica de BUS-43)<\/li><li>Local, receptivo, con experiencia en contrataci\u00f3n p\u00fablica<\/li><li>Servicios creativos escalables: ning\u00fan proyecto es demasiado peque\u00f1o o complejo<\/li><li>Comprometidos con la equidad, la claridad y las misiones de servicio p\u00fablico<\/li><\/ul>\t\t\t\t\t\t\t\t<\/div>\n\t\t\t\t<\/div>\n\t\t\t\t\t<\/div>\n\t\t\t\t<\/div>\n\t\t\t\t<div class=\"elementor-element elementor-element-44df97e elementor-widget__width-initial elementor-widget-mobile__width-initial elementor-widget elementor-widget-cta\" data-id=\"44df97e\" data-element_type=\"widget\" data-e-type=\"widget\" data-settings=\"{&quot;layout_preset&quot;:&quot;streamline&quot;,&quot;primary_button_shape&quot;:&quot;round&quot;,&quot;secondary_button_shape&quot;:&quot;round&quot;,&quot;box_shape&quot;:&quot;rounded&quot;,&quot;content_alignment&quot;:&quot;center&quot;,&quot;content_alignment_tablet&quot;:&quot;center&quot;,&quot;content_alignment_mobile&quot;:&quot;center&quot;,&quot;cta_width&quot;:&quot;default&quot;,&quot;cta_position&quot;:&quot;default&quot;}\" data-widget_type=\"cta.default\">\n\t\t\t\t<div class=\"elementor-widget-container\">\n\t\t\t\t\t\t\t<div class=\"has-shape-rounded shape-type-box ehp-cta has-preset-streamline\">\n\t\t\t<div class=\"ehp-cta__overlay\"><\/div>\n\t\t\t<div class=\"ehp-cta__elements-container\">\n\t\t\t\t\t\t<div class=\"ehp-cta__text-container\">\n\t\t\t<h2 class=\"ehp-cta__heading\">\u00bfC\u00f3mo podemos apoyar los objetivos de publicaci\u00f3n, imagen de marca y divulgaci\u00f3n de su departamento?<\/h2>\t\t<\/div>\n\t\t\t\t\t<div class=\"ehp-cta__ctas-container has-cta-width-default\">\n\t\t\t\t<div class=\"ehp-cta__buttons-wrapper\">\n\t\t\t\t\t\t\t\t\t\t\t\t<a class=\"has-shape-round shape-type-button ehp-button ehp-button--secondary ehp-cta__button ehp-cta__button--secondary is-type-button has-border\" href=\"https:\/\/workingarts.com\/contact\/\">\n\t\t\t\t\t<span class=\"ehp-button__text ehp-cta__button-text ehp-cta__button-text--secondary\">\n\t\t\tPreg\u00fantanos\t\t\t\t<\/a>\n\t\t\t\t\t\t<\/div>\n\t\t\t<\/div>\n\t\t\t\t\t<\/div>\n\t\t<\/div>\n\t\t\t\t\t\t<\/div>\n\t\t\t\t<\/div>\n\t\t\t\t\t<\/div>\n\t\t\t\t<\/div>\n\t\t\t\t<\/div>","protected":false},"excerpt":{"rendered":"<p>UC Davis &#038; UC Davis Health Supplier Expo | Spotlighting Small &amp; Local Businesses Create. Brand. Publish. communicate UC Davis Strategic design and communication services built for higher education and public institutions. Proudly California-based. Certified. Ready to serve UC Davis. Download Our Brochure Who We\u2019ve Helped We\u2019ve partnered with educational institutions, nonprofits, and public agencies [&hellip;]<\/p>\n","protected":false},"author":2,"featured_media":0,"parent":0,"menu_order":0,"comment_status":"closed","ping_status":"closed","template":"","meta":{"content-type":"","inline_featured_image":false,"footnotes":""},"class_list":["post-7320","page","type-page","status-publish","hentry"],"yoast_head":"<!-- This site is optimized with the Yoast SEO plugin v27.5 - https:\/\/yoast.com\/product\/yoast-seo-wordpress\/ -->\n<title>ucd-expo - Workingarts Marketing, Inc.<\/title>\n<meta name=\"robots\" content=\"index, follow, max-snippet:-1, max-image-preview:large, max-video-preview:-1\" \/>\n<link rel=\"canonical\" href=\"https:\/\/workingarts.com\/es\/exposicion-de-la-ucd\/\" \/>\n<meta property=\"og:locale\" content=\"es_MX\" \/>\n<meta property=\"og:type\" content=\"article\" \/>\n<meta property=\"og:title\" content=\"ucd-expo - Workingarts Marketing, Inc.\" \/>\n<meta property=\"og:description\" content=\"UC Davis &#038; UC Davis Health Supplier Expo | Spotlighting Small &amp; Local Businesses Create. Brand. Publish. communicate UC Davis Strategic design and communication services built for higher education and public institutions. Proudly California-based. Certified. Ready to serve UC Davis. Download Our Brochure Who We\u2019ve Helped We\u2019ve partnered with educational institutions, nonprofits, and public agencies [&hellip;]\" \/>\n<meta property=\"og:url\" content=\"https:\/\/workingarts.com\/es\/exposicion-de-la-ucd\/\" \/>\n<meta property=\"og:site_name\" content=\"Workingarts Marketing, Inc.\" \/>\n<meta property=\"article:publisher\" content=\"https:\/\/www.facebook.com\/Workingarts\/\" \/>\n<meta property=\"article:modified_time\" content=\"2025-05-26T19:08:32+00:00\" \/>\n<meta property=\"og:image\" content=\"https:\/\/workingarts.com\/wp-content\/uploads\/Landing-Pages\/UCD\/ucdavis_logo_gold-scaled.png\" \/>\n\t<meta property=\"og:image:width\" content=\"2560\" \/>\n\t<meta property=\"og:image:height\" content=\"443\" \/>\n\t<meta property=\"og:image:type\" content=\"image\/webp\" \/>\n<meta name=\"twitter:card\" content=\"summary_large_image\" \/>\n<meta name=\"twitter:site\" content=\"@working_arts\" \/>\n<meta name=\"twitter:label1\" content=\"Tiempo de lectura\" \/>\n\t<meta name=\"twitter:data1\" content=\"1 minuto\" \/>\n<script type=\"application\/ld+json\" class=\"yoast-schema-graph\">{\"@context\":\"https:\\\/\\\/schema.org\",\"@graph\":[{\"@type\":\"WebPage\",\"@id\":\"https:\\\/\\\/workingarts.com\\\/ucd-expo\\\/\",\"url\":\"https:\\\/\\\/workingarts.com\\\/ucd-expo\\\/\",\"name\":\"ucd-expo - Workingarts Marketing, Inc.\",\"isPartOf\":{\"@id\":\"https:\\\/\\\/workingarts.com\\\/#website\"},\"primaryImageOfPage\":{\"@id\":\"https:\\\/\\\/workingarts.com\\\/ucd-expo\\\/#primaryimage\"},\"image\":{\"@id\":\"https:\\\/\\\/workingarts.com\\\/ucd-expo\\\/#primaryimage\"},\"thumbnailUrl\":\"https:\\\/\\\/workingarts.com\\\/wp-content\\\/uploads\\\/Landing-Pages\\\/UCD\\\/ucdavis_logo_gold-1024x177.png\",\"datePublished\":\"2025-05-21T15:31:08+00:00\",\"dateModified\":\"2025-05-26T19:08:32+00:00\",\"breadcrumb\":{\"@id\":\"https:\\\/\\\/workingarts.com\\\/ucd-expo\\\/#breadcrumb\"},\"inLanguage\":\"es\",\"potentialAction\":[{\"@type\":\"ReadAction\",\"target\":[\"https:\\\/\\\/workingarts.com\\\/ucd-expo\\\/\"]}]},{\"@type\":\"ImageObject\",\"inLanguage\":\"es\",\"@id\":\"https:\\\/\\\/workingarts.com\\\/ucd-expo\\\/#primaryimage\",\"url\":\"https:\\\/\\\/workingarts.com\\\/wp-content\\\/uploads\\\/Landing-Pages\\\/UCD\\\/ucdavis_logo_gold-1024x177.png\",\"contentUrl\":\"https:\\\/\\\/workingarts.com\\\/wp-content\\\/uploads\\\/Landing-Pages\\\/UCD\\\/ucdavis_logo_gold-1024x177.png\"},{\"@type\":\"BreadcrumbList\",\"@id\":\"https:\\\/\\\/workingarts.com\\\/ucd-expo\\\/#breadcrumb\",\"itemListElement\":[{\"@type\":\"ListItem\",\"position\":1,\"name\":\"Home\",\"item\":\"https:\\\/\\\/workingarts.com\\\/\"},{\"@type\":\"ListItem\",\"position\":2,\"name\":\"ucd-expo\"}]},{\"@type\":\"WebSite\",\"@id\":\"https:\\\/\\\/workingarts.com\\\/#website\",\"url\":\"https:\\\/\\\/workingarts.com\\\/\",\"name\":\"Workingarts Marketing, Inc.\",\"description\":\"Your Success Drives Ours\",\"publisher\":{\"@id\":\"https:\\\/\\\/workingarts.com\\\/#organization\"},\"alternateName\":\"workingarts.com\",\"potentialAction\":[{\"@type\":\"SearchAction\",\"target\":{\"@type\":\"EntryPoint\",\"urlTemplate\":\"https:\\\/\\\/workingarts.com\\\/?s={search_term_string}\"},\"query-input\":{\"@type\":\"PropertyValueSpecification\",\"valueRequired\":true,\"valueName\":\"search_term_string\"}}],\"inLanguage\":\"es\"},{\"@type\":\"Organization\",\"@id\":\"https:\\\/\\\/workingarts.com\\\/#organization\",\"name\":\"Workingarts Marketing, Inc.\",\"alternateName\":\"workingarts\",\"url\":\"https:\\\/\\\/workingarts.com\\\/\",\"logo\":{\"@type\":\"ImageObject\",\"inLanguage\":\"es\",\"@id\":\"https:\\\/\\\/workingarts.com\\\/#\\\/schema\\\/logo\\\/image\\\/\",\"url\":\"https:\\\/\\\/workingarts.com\\\/wp-content\\\/uploads\\\/2015\\\/11\\\/wainc_logo_2015-v2_2015RedesignOption6-e1457983390425.png\",\"contentUrl\":\"https:\\\/\\\/workingarts.com\\\/wp-content\\\/uploads\\\/2015\\\/11\\\/wainc_logo_2015-v2_2015RedesignOption6-e1457983390425.png\",\"width\":334,\"height\":68,\"caption\":\"Workingarts Marketing, Inc.\"},\"image\":{\"@id\":\"https:\\\/\\\/workingarts.com\\\/#\\\/schema\\\/logo\\\/image\\\/\"},\"sameAs\":[\"https:\\\/\\\/www.facebook.com\\\/Workingarts\\\/\",\"https:\\\/\\\/x.com\\\/working_arts\",\"https:\\\/\\\/www.linkedin.com\\\/company\\\/workingarts-marketing-inc-\\\/\"]}]}<\/script>\n<!-- \/ Yoast SEO plugin. -->","yoast_head_json":{"title":"ucd-expo - Workingarts Marketing, Inc.","robots":{"index":"index","follow":"follow","max-snippet":"max-snippet:-1","max-image-preview":"max-image-preview:large","max-video-preview":"max-video-preview:-1"},"canonical":"https:\/\/workingarts.com\/es\/exposicion-de-la-ucd\/","og_locale":"es_MX","og_type":"article","og_title":"ucd-expo - Workingarts Marketing, Inc.","og_description":"UC Davis &#038; UC Davis Health Supplier Expo | Spotlighting Small &amp; Local Businesses Create. Brand. Publish. communicate UC Davis Strategic design and communication services built for higher education and public institutions. Proudly California-based. Certified. Ready to serve UC Davis. Download Our Brochure Who We\u2019ve Helped We\u2019ve partnered with educational institutions, nonprofits, and public agencies [&hellip;]","og_url":"https:\/\/workingarts.com\/es\/exposicion-de-la-ucd\/","og_site_name":"Workingarts Marketing, Inc.","article_publisher":"https:\/\/www.facebook.com\/Workingarts\/","article_modified_time":"2025-05-26T19:08:32+00:00","og_image":[{"width":2560,"height":443,"url":"https:\/\/workingarts.com\/wp-content\/uploads\/Landing-Pages\/UCD\/ucdavis_logo_gold-scaled.png","type":"image\/webp"}],"twitter_card":"summary_large_image","twitter_site":"@working_arts","twitter_misc":{"Tiempo de lectura":"1 minuto"},"schema":{"@context":"https:\/\/schema.org","@graph":[{"@type":"WebPage","@id":"https:\/\/workingarts.com\/ucd-expo\/","url":"https:\/\/workingarts.com\/ucd-expo\/","name":"ucd-expo - Workingarts Marketing, Inc.","isPartOf":{"@id":"https:\/\/workingarts.com\/#website"},"primaryImageOfPage":{"@id":"https:\/\/workingarts.com\/ucd-expo\/#primaryimage"},"image":{"@id":"https:\/\/workingarts.com\/ucd-expo\/#primaryimage"},"thumbnailUrl":"https:\/\/workingarts.com\/wp-content\/uploads\/Landing-Pages\/UCD\/ucdavis_logo_gold-1024x177.png","datePublished":"2025-05-21T15:31:08+00:00","dateModified":"2025-05-26T19:08:32+00:00","breadcrumb":{"@id":"https:\/\/workingarts.com\/ucd-expo\/#breadcrumb"},"inLanguage":"es","potentialAction":[{"@type":"ReadAction","target":["https:\/\/workingarts.com\/ucd-expo\/"]}]},{"@type":"ImageObject","inLanguage":"es","@id":"https:\/\/workingarts.com\/ucd-expo\/#primaryimage","url":"https:\/\/workingarts.com\/wp-content\/uploads\/Landing-Pages\/UCD\/ucdavis_logo_gold-1024x177.png","contentUrl":"https:\/\/workingarts.com\/wp-content\/uploads\/Landing-Pages\/UCD\/ucdavis_logo_gold-1024x177.png"},{"@type":"BreadcrumbList","@id":"https:\/\/workingarts.com\/ucd-expo\/#breadcrumb","itemListElement":[{"@type":"ListItem","position":1,"name":"Home","item":"https:\/\/workingarts.com\/"},{"@type":"ListItem","position":2,"name":"ucd-expo"}]},{"@type":"WebSite","@id":"https:\/\/workingarts.com\/#website","url":"https:\/\/workingarts.com\/","name":"Workingarts Marketing, Inc.","description":"Su \u00e9xito nos impulsa","publisher":{"@id":"https:\/\/workingarts.com\/#organization"},"alternateName":"workingarts.com","potentialAction":[{"@type":"SearchAction","target":{"@type":"EntryPoint","urlTemplate":"https:\/\/workingarts.com\/?s={search_term_string}"},"query-input":{"@type":"PropertyValueSpecification","valueRequired":true,"valueName":"search_term_string"}}],"inLanguage":"es"},{"@type":"Organization","@id":"https:\/\/workingarts.com\/#organization","name":"Workingarts Marketing, Inc.","alternateName":"workingarts","url":"https:\/\/workingarts.com\/","logo":{"@type":"ImageObject","inLanguage":"es","@id":"https:\/\/workingarts.com\/#\/schema\/logo\/image\/","url":"https:\/\/workingarts.com\/wp-content\/uploads\/2015\/11\/wainc_logo_2015-v2_2015RedesignOption6-e1457983390425.png","contentUrl":"https:\/\/workingarts.com\/wp-content\/uploads\/2015\/11\/wainc_logo_2015-v2_2015RedesignOption6-e1457983390425.png","width":334,"height":68,"caption":"Workingarts Marketing, Inc."},"image":{"@id":"https:\/\/workingarts.com\/#\/schema\/logo\/image\/"},"sameAs":["https:\/\/www.facebook.com\/Workingarts\/","https:\/\/x.com\/working_arts","https:\/\/www.linkedin.com\/company\/workingarts-marketing-inc-\/"]}]}},"_links":{"self":[{"href":"https:\/\/workingarts.com\/es\/wp-json\/wp\/v2\/pages\/7320","targetHints":{"allow":["GET"]}}],"collection":[{"href":"https:\/\/workingarts.com\/es\/wp-json\/wp\/v2\/pages"}],"about":[{"href":"https:\/\/workingarts.com\/es\/wp-json\/wp\/v2\/types\/page"}],"author":[{"embeddable":true,"href":"https:\/\/workingarts.com\/es\/wp-json\/wp\/v2\/users\/2"}],"replies":[{"embeddable":true,"href":"https:\/\/workingarts.com\/es\/wp-json\/wp\/v2\/comments?post=7320"}],"version-history":[{"count":0,"href":"https:\/\/workingarts.com\/es\/wp-json\/wp\/v2\/pages\/7320\/revisions"}],"wp:attachment":[{"href":"https:\/\/workingarts.com\/es\/wp-json\/wp\/v2\/media?parent=7320"}],"curies":[{"name":"wp","href":"https:\/\/api.w.org\/{rel}","templated":true}]}}